{"id":222,"date":"2021-06-21T18:41:56","date_gmt":"2021-06-21T18:41:56","guid":{"rendered":"http:\/\/hummingen.seekings03.dk\/?page_id=222"},"modified":"2021-08-17T10:54:38","modified_gmt":"2021-08-17T10:54:38","slug":"badeland","status":"publish","type":"page","link":"https:\/\/hummingencamping.dk\/de\/badeland\/","title":{"rendered":"Wasserpark"},"content":{"rendered":"\t\t<div data-elementor-type=\"wp-page\" data-elementor-id=\"222\" class=\"elementor elementor-222\" data-elementor-post-type=\"page\">\n\t\t\t\t\t\t<section class=\"has_eae_slider elementor-section elementor-top-section elementor-element elementor-element-625519e2 elementor-section-full_width elementor-section-height-min-height elementor-section-height-default elementor-section-items-middle\" data-eae-slider=\"49505\" data-id=\"625519e2\" data-element_type=\"section\" data-e-type=\"section\" data-settings=\"{&quot;background_background&quot;:&quot;classic&quot;}\">\n\t\t\t\t\t\t\t<div class=\"elementor-background-overlay\"><\/div>\n\t\t\t\t\t\t\t<div class=\"elementor-container elementor-column-gap-default\">\n\t\t\t\t\t<div class=\"has_eae_slider elementor-column elementor-col-100 elementor-top-column elementor-element elementor-element-5639ac23\" data-eae-slider=\"51755\" data-id=\"5639ac23\" data-element_type=\"column\" data-e-type=\"column\">\n\t\t\t<div class=\"elementor-widget-wrap elementor-element-populated\">\n\t\t\t\t\t\t<div class=\"elementor-element elementor-element-74c22bbc elementor-widget elementor-widget-heading\" data-id=\"74c22bbc\" data-element_type=\"widget\" data-e-type=\"widget\" data-widget_type=\"heading.default\">\n\t\t\t\t\t<h1 class=\"elementor-heading-title elementor-size-default\">Badeland<\/h1>\t\t\t\t<\/div>\n\t\t\t\t\t<\/div>\n\t\t<\/div>\n\t\t\t\t\t<\/div>\n\t\t<\/section>\n\t\t\t\t<section class=\"has_eae_slider elementor-section elementor-top-section elementor-element elementor-element-19ce51e6 elementor-section-full_width elementor-section-height-default elementor-section-height-default\" data-eae-slider=\"50323\" data-id=\"19ce51e6\" data-element_type=\"section\" data-e-type=\"section\">\n\t\t\t\t\t\t<div class=\"elementor-container elementor-column-gap-default\">\n\t\t\t\t\t<div class=\"has_eae_slider elementor-column elementor-col-50 elementor-top-column elementor-element elementor-element-67049276\" data-eae-slider=\"93093\" data-id=\"67049276\" data-element_type=\"column\" data-e-type=\"column\" data-settings=\"{&quot;background_background&quot;:&quot;classic&quot;}\">\n\t\t\t<div class=\"elementor-widget-wrap elementor-element-populated\">\n\t\t\t\t\t\t<div class=\"elementor-element elementor-element-5cd7523a elementor-widget elementor-widget-heading\" data-id=\"5cd7523a\" data-element_type=\"widget\" data-e-type=\"widget\" data-widget_type=\"heading.default\">\n\t\t\t\t\t<h2 class=\"elementor-heading-title elementor-size-default\">Vores badeland<\/h2>\t\t\t\t<\/div>\n\t\t\t\t<div class=\"elementor-element elementor-element-c7fc526 elementor-widget elementor-widget-heading\" data-id=\"c7fc526\" data-element_type=\"widget\" data-e-type=\"widget\" data-widget_type=\"heading.default\">\n\t\t\t\t\t<h3 class=\"elementor-heading-title elementor-size-default\">OBS! Vores badeland \u00e5bner sidste weekend i Maj og lukker i uge 32 <\/h3>\t\t\t\t<\/div>\n\t\t\t\t<div class=\"elementor-element elementor-element-836adf elementor-widget elementor-widget-text-editor\" data-id=\"836adf\" data-element_type=\"widget\" data-e-type=\"widget\" data-widget_type=\"text-editor.default\">\n\t\t\t\t\t\t\t\t\tMange b\u00f8rn og barnlige sj\u00e6le elsker vand og vandplaskeri. P\u00e5 Hummingen Camping er der gode muligheder for at lade legen f\u00e5 frit spil. Vores solopvarmede badeland st\u00e5r klar i alle sommerm\u00e5nederne, opvarmet til over 20 grader, hvis vejret er solrigt, og med gratis adgang for alle vores kunder. Uanset om man bor i telt, campingvogn eller hytte, s\u00e5 kan der bare pjaskes l\u00f8s fra morgen til aften. Badelandet har en overflade p\u00e5 omkring et par hundrede kvadratmeter og er udstyret med gode udenomsarealer med liggestole. Herudover er der b\u00f8rnebasin, rutchebane, etc. I badelandet er der god plads til at b\u00f8rn og voksne kan lege dagen lang eller blot f\u00e5 en dukkert i det opvarmede vandland. Hvis I s\u00f8rger for det gode hum\u00f8r, s\u00e5 hj\u00e6lper vi med at skabe grundlaget for den perfekte ferie med b\u00f8rn, b\u00f8rneb\u00f8rn eller gode venner.\n\n\t\t\t\t\t\t\t\t<\/div>\n\t\t\t\t\t<\/div>\n\t\t<\/div>\n\t\t\t\t<div class=\"has_eae_slider elementor-column elementor-col-50 elementor-top-column elementor-element elementor-element-14ce1942\" data-eae-slider=\"80023\" data-id=\"14ce1942\" data-element_type=\"column\" data-e-type=\"column\" data-settings=\"{&quot;background_background&quot;:&quot;slideshow&quot;,&quot;background_slideshow_gallery&quot;:[{&quot;id&quot;:340,&quot;url&quot;:&quot;http:\\\/\\\/hummingencamping.dk\\\/wp-content\\\/uploads\\\/Pool-1.jpg&quot;},{&quot;id&quot;:341,&quot;url&quot;:&quot;http:\\\/\\\/hummingencamping.dk\\\/wp-content\\\/uploads\\\/Pool-2.jpg&quot;},{&quot;id&quot;:342,&quot;url&quot;:&quot;http:\\\/\\\/hummingencamping.dk\\\/wp-content\\\/uploads\\\/Pool-3.jpg&quot;},{&quot;id&quot;:343,&quot;url&quot;:&quot;http:\\\/\\\/hummingencamping.dk\\\/wp-content\\\/uploads\\\/Pool-4.jpg&quot;},{&quot;id&quot;:344,&quot;url&quot;:&quot;http:\\\/\\\/hummingencamping.dk\\\/wp-content\\\/uploads\\\/Pool-5.jpg&quot;}],&quot;background_slideshow_loop&quot;:&quot;yes&quot;,&quot;background_slideshow_slide_duration&quot;:5000,&quot;background_slideshow_slide_transition&quot;:&quot;fade&quot;,&quot;background_slideshow_transition_duration&quot;:500}\">\n\t\t\t<div class=\"elementor-widget-wrap elementor-element-populated\">\n\t\t\t\t\t\t<div class=\"elementor-element elementor-element-2214d4f elementor-widget elementor-widget-spacer\" data-id=\"2214d4f\" data-element_type=\"widget\" data-e-type=\"widget\" data-widget_type=\"spacer.default\">\n\t\t\t\t\t\t\t<div class=\"elementor-spacer\">\n\t\t\t<div class=\"elementor-spacer-inner\"><\/div>\n\t\t<\/div>\n\t\t\t\t\t\t<\/div>\n\t\t\t\t\t<\/div>\n\t\t<\/div>\n\t\t\t\t\t<\/div>\n\t\t<\/section>\n\t\t\t\t<\/div>\n\t\t","protected":false},"excerpt":{"rendered":"<p>Badeland Vores badeland OBS! Vores badeland \u00e5bner sidste weekend i Maj og lukker i uge 32 Mange b\u00f8rn og barnlige sj\u00e6le elsker vand og vandplaskeri. P\u00e5 Hummingen Camping er der gode muligheder for at lade legen f\u00e5 frit spil. Vores solopvarmede badeland st\u00e5r klar i alle sommerm\u00e5nederne, opvarmet til over 20 grader, hvis vejret er [&hellip;]<\/p>\n","protected":false},"author":2,"featured_media":0,"parent":0,"menu_order":0,"comment_status":"closed","ping_status":"closed","template":"","meta":{"footnotes":""},"class_list":["post-222","page","type-page","status-publish","hentry"],"yoast_head":"<!-- This site is optimized with the Yoast SEO plugin v27.1.1 - https:\/\/yoast.com\/product\/yoast-seo-wordpress\/ -->\n<title>Badeland - Hummingen Camping<\/title>\n<meta name=\"robots\" content=\"index, follow, max-snippet:-1, max-image-preview:large, max-video-preview:-1\" \/>\n<link rel=\"canonical\" href=\"https:\/\/hummingencamping.dk\/de\/badeland\/\" \/>\n<meta property=\"og:locale\" content=\"de_DE\" \/>\n<meta property=\"og:type\" content=\"article\" \/>\n<meta property=\"og:title\" content=\"Badeland - Hummingen Camping\" \/>\n<meta property=\"og:description\" content=\"Badeland Vores badeland OBS! Vores badeland \u00e5bner sidste weekend i Maj og lukker i uge 32 Mange b\u00f8rn og barnlige sj\u00e6le elsker vand og vandplaskeri. P\u00e5 Hummingen Camping er der gode muligheder for at lade legen f\u00e5 frit spil. Vores solopvarmede badeland st\u00e5r klar i alle sommerm\u00e5nederne, opvarmet til over 20 grader, hvis vejret er [&hellip;]\" \/>\n<meta property=\"og:url\" content=\"https:\/\/hummingencamping.dk\/de\/badeland\/\" \/>\n<meta property=\"og:site_name\" content=\"Hummingen Camping\" \/>\n<meta property=\"article:modified_time\" content=\"2021-08-17T10:54:38+00:00\" \/>\n<meta name=\"twitter:card\" content=\"summary_large_image\" \/>\n<meta name=\"twitter:label1\" content=\"Gesch\u00e4tzte Lesezeit\" \/>\n\t<meta name=\"twitter:data1\" content=\"1\u00a0Minute\" \/>\n<!-- \/ Yoast SEO plugin. -->","yoast_head_json":{"title":"Badeland - Hummingen Camping","robots":{"index":"index","follow":"follow","max-snippet":"max-snippet:-1","max-image-preview":"max-image-preview:large","max-video-preview":"max-video-preview:-1"},"canonical":"https:\/\/hummingencamping.dk\/de\/badeland\/","og_locale":"de_DE","og_type":"article","og_title":"Badeland - Hummingen Camping","og_description":"Badeland Vores badeland OBS! Vores badeland \u00e5bner sidste weekend i Maj og lukker i uge 32 Mange b\u00f8rn og barnlige sj\u00e6le elsker vand og vandplaskeri. P\u00e5 Hummingen Camping er der gode muligheder for at lade legen f\u00e5 frit spil. Vores solopvarmede badeland st\u00e5r klar i alle sommerm\u00e5nederne, opvarmet til over 20 grader, hvis vejret er [&hellip;]","og_url":"https:\/\/hummingencamping.dk\/de\/badeland\/","og_site_name":"Hummingen Camping","article_modified_time":"2021-08-17T10:54:38+00:00","twitter_card":"summary_large_image","twitter_misc":{"Gesch\u00e4tzte Lesezeit":"1\u00a0Minute"},"schema":{"@context":"https:\/\/schema.org","@graph":[{"@type":"WebPage","@id":"https:\/\/hummingencamping.dk\/badeland\/","url":"https:\/\/hummingencamping.dk\/badeland\/","name":"Badeland - Hummingen Camping","isPartOf":{"@id":"https:\/\/hummingencamping.dk\/#website"},"datePublished":"2021-06-21T18:41:56+00:00","dateModified":"2021-08-17T10:54:38+00:00","breadcrumb":{"@id":"https:\/\/hummingencamping.dk\/badeland\/#breadcrumb"},"inLanguage":"de","potentialAction":[{"@type":"ReadAction","target":["https:\/\/hummingencamping.dk\/badeland\/"]}]},{"@type":"BreadcrumbList","@id":"https:\/\/hummingencamping.dk\/badeland\/#breadcrumb","itemListElement":[{"@type":"ListItem","position":1,"name":"Hjem","item":"https:\/\/hummingencamping.dk\/"},{"@type":"ListItem","position":2,"name":"Badeland"}]},{"@type":"WebSite","@id":"https:\/\/hummingencamping.dk\/#website","url":"https:\/\/hummingencamping.dk\/","name":"Hummingen Camping","description":"","publisher":{"@id":"https:\/\/hummingencamping.dk\/#organization"},"potentialAction":[{"@type":"SearchAction","target":{"@type":"EntryPoint","urlTemplate":"https:\/\/hummingencamping.dk\/?s={search_term_string}"},"query-input":{"@type":"PropertyValueSpecification","valueRequired":true,"valueName":"search_term_string"}}],"inLanguage":"de"},{"@type":"Organization","@id":"https:\/\/hummingencamping.dk\/#organization","name":"Hummingen Camping","url":"https:\/\/hummingencamping.dk\/","logo":{"@type":"ImageObject","inLanguage":"de","@id":"https:\/\/hummingencamping.dk\/#\/schema\/logo\/image\/","url":"https:\/\/hummingencamping.dk\/wp-content\/uploads\/logo1-1024x650-1.png","contentUrl":"https:\/\/hummingencamping.dk\/wp-content\/uploads\/logo1-1024x650-1.png","width":1024,"height":650,"caption":"Hummingen Camping"},"image":{"@id":"https:\/\/hummingencamping.dk\/#\/schema\/logo\/image\/"}}]}},"_links":{"self":[{"href":"https:\/\/hummingencamping.dk\/de\/wp-json\/wp\/v2\/pages\/222","targetHints":{"allow":["GET"]}}],"collection":[{"href":"https:\/\/hummingencamping.dk\/de\/wp-json\/wp\/v2\/pages"}],"about":[{"href":"https:\/\/hummingencamping.dk\/de\/wp-json\/wp\/v2\/types\/page"}],"author":[{"embeddable":true,"href":"https:\/\/hummingencamping.dk\/de\/wp-json\/wp\/v2\/users\/2"}],"replies":[{"embeddable":true,"href":"https:\/\/hummingencamping.dk\/de\/wp-json\/wp\/v2\/comments?post=222"}],"version-history":[{"count":34,"href":"https:\/\/hummingencamping.dk\/de\/wp-json\/wp\/v2\/pages\/222\/revisions"}],"predecessor-version":[{"id":958,"href":"https:\/\/hummingencamping.dk\/de\/wp-json\/wp\/v2\/pages\/222\/revisions\/958"}],"wp:attachment":[{"href":"https:\/\/hummingencamping.dk\/de\/wp-json\/wp\/v2\/media?parent=222"}],"curies":[{"name":"wp","href":"https:\/\/api.w.org\/{rel}","templated":true}]}}